{"id":16534,"date":"2019-03-20T23:35:43","date_gmt":"2019-03-20T22:35:43","guid":{"rendered":"http:\/\/www.ksibratislava.sk\/curriculum-igcse-copy\/"},"modified":"2023-05-25T22:15:52","modified_gmt":"2023-05-25T20:15:52","slug":"curriculum-alevel","status":"publish","type":"page","link":"https:\/\/www.ksibratislava.sk\/sk\/curriculum-alevel\/","title":{"rendered":"Curriculum &#8211; A Level"},"content":{"rendered":"<div class=\"vce-row-container\"><div class=\"vce-row vce-row--col-gap-30 vce-row-equal-height vce-row-content--top\" data-vce-full-width=\"true\" data-vce-stretch-content=\"true\" id=\"el-5856d8e7\" data-vce-do-apply=\"all el-5856d8e7\"><div class=\"vce-row-content\" data-vce-element-content=\"true\"><div class=\"vce-col vce-col--md-auto vce-col--xs-1 vce-col--xs-last vce-col--xs-first vce-col--sm-last vce-col--sm-first vce-col--md-last vce-col--lg-last vce-col--xl-last vce-col--md-first vce-col--lg-first vce-col--xl-first\" id=\"el-ad942297\"><div class=\"vce-col-inner\" data-vce-do-apply=\"border margin background  el-ad942297\"><div class=\"vce-col-content\" data-vce-element-content=\"true\" data-vce-do-apply=\"padding el-ad942297\"><div class=\"vce vce-separator-container vce-separator--align-center vce-separator--style-shadow\" id=\"el-bcd14266\" data-vce-do-apply=\"margin el-bcd14266\"><div class=\"vce-separator vce-separator--color-bfc0c1 vce-separator--width-100 vce-separator--thickness-10\" data-vce-do-apply=\"border padding background  el-bcd14266\"><div class=\"vce-separator-shadow vce-separator-shadow-left\"><\/div><div class=\"vce-separator-shadow vce-separator-shadow-right\"><\/div><\/div><\/div><\/div><\/div><\/div><\/div><\/div><\/div><div class=\"vce-row-container\" data-vce-boxed-width=\"true\"><div class=\"vce-row vce-row--has-col-background vce-row--col-gap-30 vce-row-equal-height vce-row-content--top\" id=\"el-32c632ec\" data-vce-do-apply=\"all el-32c632ec\"><div class=\"vce-content-background-container\"><\/div><div class=\"vce-row-content\" data-vce-element-content=\"true\"><div class=\"vce-col vce-col--md-75p vce-col--xs-1 vce-col--xs-last vce-col--xs-first vce-col--sm-last vce-col--sm-first vce-col--md-first vce-col--lg-first vce-col--xl-first\" id=\"el-ae5a604d\"><div class=\"vce-col-inner\" data-vce-do-apply=\"border margin background  el-ae5a604d\"><div class=\"vce-col-content\" data-vce-element-content=\"true\" data-vce-do-apply=\"padding el-ae5a604d\"><div class=\"vce-google-fonts-heading vce-google-fonts-heading--align-left vce-google-fonts-heading--color-empty--45--5C00FF--FF7200 vce-google-fonts-heading--font-family-Lato\"><div class=\"vce-google-fonts-heading-wrapper\"><div class=\"vce-google-fonts-heading--background vce\" id=\"el-15e21f04\" data-vce-do-apply=\"border background  padding margin el-15e21f04\"><h2 class=\"vce-google-fonts-heading-inner\" style=\"font-weight: 700; font-style: normal;\">Upper Secondary School Curriculum<\/h2><\/div><\/div><\/div><div class=\"vce-google-fonts-heading vce-google-fonts-heading--align-left vce-google-fonts-heading--color-empty--45--5C00FF--FF7200 vce-google-fonts-heading--font-family-Lato\"><div class=\"vce-google-fonts-heading-wrapper\"><div class=\"vce-google-fonts-heading--background vce\" id=\"el-cf12aaf2\" data-vce-do-apply=\"border background  padding margin el-cf12aaf2\"><h6 class=\"vce-google-fonts-heading-inner\" style=\"font-weight: 700; font-style: normal;\">International Advanced Levels (AS and A Levels)<\/h6><\/div><\/div><\/div><div class=\"vce-google-fonts-heading vce-google-fonts-heading--align-left vce-google-fonts-heading--color-empty--45--5C00FF--FF7200 vce-google-fonts-heading--font-family-Lato\"><div class=\"vce-google-fonts-heading-wrapper\"><div class=\"vce-google-fonts-heading--background vce\" id=\"el-8f826c2b\" data-vce-do-apply=\"border background  padding margin el-8f826c2b\"><h4 class=\"vce-google-fonts-heading-inner\" style=\"font-weight: 400; font-style: normal;\">(Year 12 - Year 13\/SK GYM 2. - 3. ro\u010dn\u00edk) + (SK GYM 4. ro\u010dn\u00edk)<\/h4><\/div><\/div><\/div><div class=\"vce-google-fonts-heading vce-google-fonts-heading--align-left vce-google-fonts-heading--color-empty--45--5C00FF--FF7200 vce-google-fonts-heading--font-family-Lato\"><div class=\"vce-google-fonts-heading-wrapper\"><div class=\"vce-google-fonts-heading--background vce\" id=\"el-11b29d91\" data-vce-do-apply=\"border background  padding margin el-11b29d91\"><h3 class=\"vce-google-fonts-heading-inner\" style=\"font-weight: 700; font-style: normal;\">16 to 18 year old students<\/h3><\/div><\/div><\/div><div class=\"vce-text-block\"><div class=\"vce-text-block-wrapper vce\" id=\"el-4a217426\" data-vce-do-apply=\"all el-4a217426\"><p style=\"text-align: left;\">The A Level (Advanced Level) is a subject-based qualification conferred as part of the General Certificate of Education, as well as a school leaving qualification offered by various educational bodies to students completing secondary or pre-university education. Obtaining A Levels or equivalent qualifications is generally required for university entrance around the world, with many universities granting conditional offers based on grades achieved.<\/p><\/div><\/div><\/div><\/div><\/div><div class=\"vce-col vce-element--has-background vce-col--md-25p vce-col--xs-1 vce-col--xs-last vce-col--xs-first vce-col--sm-last vce-col--sm-first vce-col--md-last vce-col--lg-last vce-col--xl-last\" id=\"el-8aa0f04b\"><div class=\"vce-col-inner\" data-vce-do-apply=\"border margin background  el-8aa0f04b\"><div class=\"vce-content-background-container\"><div class=\"vce-asset-background-simple-container vce-visible-all-only vce-asset-background-simple--style-contain vce-asset-background-simple--position-center-top\"><div class=\"vce-asset-background-simple\">\n              <div class=\"vce-asset-background-simple-item vcv-lozad\" data-background-image=\"https:\/\/www.ksibratislava.sk\/wp-content\/uploads\/2023\/04\/iProgres_lAL.png\"><\/div>\n              <noscript>\n                &lt;div class=&quot;vce-asset-background-simple-item&quot; style=&quot;background-image: url(https:\/\/www.ksibratislava.sk\/wp-content\/uploads\/2023\/04\/iProgres_lAL.png)&quot;&gt;&lt;\/div&gt;\n              <\/noscript>\n            <\/div><\/div><\/div><div class=\"vce-col-content\" data-vce-element-content=\"true\" data-vce-do-apply=\"padding el-8aa0f04b\"><div><\/div><\/div><\/div><\/div><\/div><\/div><\/div><div class=\"vce-row-container\" data-vce-boxed-width=\"true\"><div class=\"vce-row vce-row--col-gap-30 vce-row-equal-height vce-row-content--top\" id=\"el-209c7cc6\" data-vce-do-apply=\"all el-209c7cc6\"><div class=\"vce-content-background-container\"><\/div><div class=\"vce-row-content\" data-vce-element-content=\"true\"><div class=\"vce-col vce-col--md-auto vce-col--xs-1 vce-col--xs-last vce-col--xs-first vce-col--sm-last vce-col--sm-first vce-col--md-last vce-col--lg-last vce-col--xl-last vce-col--md-first vce-col--lg-first vce-col--xl-first\" id=\"el-66ee8bd1\"><div class=\"vce-col-inner\" data-vce-do-apply=\"border margin background  el-66ee8bd1\"><div class=\"vce-col-content\" data-vce-element-content=\"true\" data-vce-do-apply=\"padding el-66ee8bd1\"><div class=\"vce-text-block\"><div class=\"vce-text-block-wrapper vce\" id=\"el-8965ce01\" data-vce-do-apply=\"all el-8965ce01\"><p style=\"text-align: left;\">Kings Schools International is also authorised to deliver the Slovak Vysved\u010denie and Vysved\u010denie o Maturitnej Sk\u00fa\u0161ke. The grades awarded at Advanced Level are also converted to Vysvedcenie o Maturitnej Sk\u00fa\u0161ke grades.&nbsp;To complete the Matura exam, students must complete the written and oral part of the Matura in the Slovak language and literature subject.<\/p><\/div><\/div><\/div><\/div><\/div><\/div><\/div><\/div><div class=\"vce-row-container\" data-vce-boxed-width=\"true\"><div class=\"vce-row vce-row--has-col-background vce-row--col-gap-30 vce-row-equal-height vce-row-content--middle\" id=\"el-3f5b93c1\" data-vce-do-apply=\"all el-3f5b93c1\"><div class=\"vce-content-background-container\"><\/div><div class=\"vce-row-content\" data-vce-element-content=\"true\"><div class=\"vce-col vce-col--md-66-66p vce-col--xs-1 vce-col--xs-last vce-col--xs-first vce-col--sm-last vce-col--sm-first vce-col--md-first vce-col--lg-first vce-col--xl-first\" id=\"el-3d074420\"><div class=\"vce-col-inner\" data-vce-do-apply=\"border margin background  el-3d074420\"><div class=\"vce-col-content\" data-vce-element-content=\"true\" data-vce-do-apply=\"padding el-3d074420\"><div class=\"vce-google-fonts-heading vce-google-fonts-heading--align-left vce-google-fonts-heading--color-empty--45--5C00FF--FF7200 vce-google-fonts-heading--font-family-Lato\"><div class=\"vce-google-fonts-heading-wrapper\"><div class=\"vce-google-fonts-heading--background vce\" id=\"el-7503f471\" data-vce-do-apply=\"border background  padding margin el-7503f471\"><h2 class=\"vce-google-fonts-heading-inner\" style=\"font-weight: 400; font-style: normal;\">International Advanced Levels<\/h2><\/div><\/div><\/div><div class=\"vce-text-block\"><div class=\"vce-text-block-wrapper vce\" id=\"el-6b06fdf9\" data-vce-do-apply=\"all el-6b06fdf9\"><p style=\"text-align: left;\">Edexcel International AS and Advanced Level qualifications are Pearson-regulated qualifications designed with the global learner in mind. A Levels have a flexible, modular structure, but they maintain the rigorous standards of all Edexcel qualifications. All subjects (except Law) offer January and June examination windows, giving students more options when ap- plying to local and international universities. Students may choose three to five subjects at Advanced Level with the option of dropping one or two subjects after the first year and accepting an Advanced Subsidiary Level (AS Level) grade, representing the first component of a full A level qualification.<\/p><\/div><\/div><\/div><\/div><\/div><div class=\"vce-col vce-element--has-background vce-col--md-33-34p vce-col--xs-1 vce-col--xs-last vce-col--xs-first vce-col--sm-last vce-col--sm-first vce-col--md-last vce-col--lg-last vce-col--xl-last\" id=\"el-74dfcd50\"><div class=\"vce-col-inner\" data-vce-do-apply=\"border margin background  el-74dfcd50\"><div class=\"vce-content-background-container\"><\/div><div class=\"vce-col-content\" data-vce-element-content=\"true\" data-vce-do-apply=\"padding el-74dfcd50\"><section class=\"vce-call-to-action-container vce-call-to-action-media--xs\"><div class=\"vce vce-call-to-action vce-call-to-action--alignment-start\" id=\"el-f27f8c7f\" data-vce-do-apply=\"margin  el-f27f8c7f\"><div class=\"vce-call-to-action--wrap-row vce-call-to-action--background-color-26273F--45--473070--C08045 vce-call-to-action--shape-square vce-call-to-action-do-background-color\" data-vce-do-apply=\"background border el-f27f8c7f\"><div class=\"vce-call-to-action--wrap\"><div class=\"vce-call-to-action--content\" data-vce-do-apply=\"padding el-f27f8c7f\"><div class=\"vce-call-to-action--content-container\"><h2 class=\"icon_box_heading\" style=\"text-align: center;\"><span style=\"color: #ffffff;\">Edexcel A Levels<\/span><\/h2><div class=\"icon_box_text\"><p style=\"text-align: center;\"><span style=\"color: #ffffff;\">For more about Edexcel A Levels<\/span><\/p><\/div><\/div><div class=\"vce-button--style-basic-container vce-button--style-basic-container--align-center\"><span class=\"vce-button--style-basic-wrapper vce\" id=\"el-bac94ff6\" data-vce-do-apply=\"margin el-bac94ff6\"><a class=\"vce-button vce-button--style-basic vce-button--style-basic--border-rounded vce-button--style-basic--size-medium vce-button--style-basic--color-e10000--fff\" href=\"https:\/\/qualifications.pearson.com\/en\/qualifications\/edexcel-a-levels.html\" title=\"\" target=\"_blank\" data-vce-do-apply=\"padding border background  el-bac94ff6\" rel=\"noopener\">Visit Edexel<\/a><\/span><\/div><\/div><\/div><\/div><\/div><\/section><\/div><\/div><\/div><\/div><\/div><\/div><div class=\"vce-row-container\" data-vce-boxed-width=\"true\"><div class=\"vce-row vce-row--col-gap-30 vce-row-equal-height vce-row-content--top\" id=\"el-cf988208\" data-vce-do-apply=\"all el-cf988208\"><div class=\"vce-content-background-container\"><\/div><div class=\"vce-row-content\" data-vce-element-content=\"true\"><div class=\"vce-col vce-col--md-auto vce-col--xs-1 vce-col--xs-last vce-col--xs-first vce-col--sm-last vce-col--sm-first vce-col--md-last vce-col--lg-last vce-col--xl-last vce-col--md-first vce-col--lg-first vce-col--xl-first\" id=\"el-8490ccae\"><div class=\"vce-col-inner\" data-vce-do-apply=\"border margin background  el-8490ccae\"><div class=\"vce-col-content\" data-vce-element-content=\"true\" data-vce-do-apply=\"padding el-8490ccae\"><div class=\"vce-text-block\"><div class=\"vce-text-block-wrapper vce\" id=\"el-25c5d53f\" data-vce-do-apply=\"all el-25c5d53f\"><p style=\"text-align: left;\">AS and A levels \u2013 sometimes called General Certificates of Education (GCE) or Advanced levels \u2013 are studied after IGCSEs, but students can take them at any age. They mainly involve studying the theory of a subject combined with some investigative work and are studied full-time over two years at school. Some A Levels may be studied online with the school providing teacher supervision and guidance.<\/p><\/div><\/div><div class=\"vce-single-image-container vce-single-image--align-center\"><div class=\"vce vce-single-image-wrapper\" id=\"el-0e7c1876\" data-vce-do-apply=\"all el-0e7c1876\"><figure><div class=\"vce-single-image-figure-inner\" style=\"width: 300px;\"><a href=\"https:\/\/www.youtube.com\/watch?v=jzgTojNQuZY\" title=\"\" target=\"_blank\" class=\"vce-single-image-inner vce-single-image--absolute\" style=\"width: 100%; padding-bottom: 56%;\" rel=\"noopener\"><img loading=\"lazy\" decoding=\"async\" class=\"vce-single-image\"  width=\"300\" height=\"168\" srcset=\"https:\/\/www.ksibratislava.sk\/wp-content\/uploads\/2023\/04\/PEDX_Web-Banner_Why-study-Edexcel-IAL_v1_RB-300x300.png 300w, https:\/\/www.ksibratislava.sk\/wp-content\/uploads\/2023\/04\/PEDX_Web-Banner_Why-study-Edexcel-IAL_v1_RB-320x180.png 320w, https:\/\/www.ksibratislava.sk\/wp-content\/uploads\/2023\/04\/PEDX_Web-Banner_Why-study-Edexcel-IAL_v1_RB-480x269.png 480w, https:\/\/www.ksibratislava.sk\/wp-content\/uploads\/2023\/04\/PEDX_Web-Banner_Why-study-Edexcel-IAL_v1_RB-800x449.png 800w, https:\/\/www.ksibratislava.sk\/wp-content\/uploads\/2023\/05\/PEDX_Web-Banner_Why-study-Edexcel-IAL_v1_RB-600x336.png 2x\" src=\"https:\/\/www.ksibratislava.sk\/wp-content\/uploads\/2023\/04\/PEDX_Web-Banner_Why-study-Edexcel-IAL_v1_RB-300x300.png\" data-img-src=\"https:\/\/www.ksibratislava.sk\/wp-content\/uploads\/2023\/04\/PEDX_Web-Banner_Why-study-Edexcel-IAL_v1_RB.png\" data-attachment-id=\"22143\"  alt=\"\" title=\"PEDX_Web-Banner_Why study Edexcel IAL_v1_RB\" \/><\/a><\/div><figcaption hidden=\"\"><\/figcaption><\/figure><\/div><\/div><\/div><\/div><\/div><\/div><\/div><\/div><div class=\"vce-row-container\"><div class=\"vce-row vce-row--col-gap-30 vce-row-equal-height vce-row-content--top\" data-vce-full-width=\"true\" data-vce-stretch-content=\"true\" id=\"el-8be04a31\" data-vce-do-apply=\"all el-8be04a31\"><div class=\"vce-row-content\" data-vce-element-content=\"true\"><div class=\"vce-col vce-col--md-auto vce-col--xs-1 vce-col--xs-last vce-col--xs-first vce-col--sm-last vce-col--sm-first vce-col--md-last vce-col--lg-last vce-col--xl-last vce-col--md-first vce-col--lg-first vce-col--xl-first\" id=\"el-df6a50d6\"><div class=\"vce-col-inner\" data-vce-do-apply=\"border margin background  el-df6a50d6\"><div class=\"vce-col-content\" data-vce-element-content=\"true\" data-vce-do-apply=\"padding el-df6a50d6\"><div class=\"vce vce-separator-container vce-separator--align-center vce-separator--style-shadow\" id=\"el-edf6ecf8\" data-vce-do-apply=\"margin el-edf6ecf8\"><div class=\"vce-separator vce-separator--color-bfc0c1 vce-separator--width-100 vce-separator--thickness-10\" data-vce-do-apply=\"border padding background  el-edf6ecf8\"><div class=\"vce-separator-shadow vce-separator-shadow-left\"><\/div><div class=\"vce-separator-shadow vce-separator-shadow-right\"><\/div><\/div><\/div><\/div><\/div><\/div><\/div><\/div><\/div><div class=\"vce-row-container\" data-vce-boxed-width=\"true\"><div class=\"vce-row vce-row--col-gap-30 vce-row-equal-height vce-row-content--top\" id=\"el-8378efee\" data-vce-do-apply=\"all el-8378efee\"><div class=\"vce-row-content\" data-vce-element-content=\"true\"><div class=\"vce-col vce-col--md-auto vce-col--xs-1 vce-col--xs-last vce-col--xs-first vce-col--sm-last vce-col--sm-first vce-col--md-last vce-col--lg-last vce-col--xl-last vce-col--md-first vce-col--lg-first vce-col--xl-first\" id=\"el-5e3d5c16\"><div class=\"vce-col-inner\" data-vce-do-apply=\"border margin background  el-5e3d5c16\"><div class=\"vce-col-content\" data-vce-element-content=\"true\" data-vce-do-apply=\"padding el-5e3d5c16\"><div class=\"vce-google-fonts-heading vce-google-fonts-heading--align-left vce-google-fonts-heading--color-empty--45--5C00FF--FF7200 vce-google-fonts-heading--font-family-Lato\"><div class=\"vce-google-fonts-heading-wrapper\"><div class=\"vce-google-fonts-heading--background vce\" id=\"el-7fe212c8\" data-vce-do-apply=\"border background  padding margin el-7fe212c8\"><h2 class=\"vce-google-fonts-heading-inner\" style=\"font-weight: 400; font-style: normal;\">Opening doors to the world\u2019s best universities<\/h2><\/div><\/div><\/div><div class=\"vce-text-block\"><div class=\"vce-text-block-wrapper vce\" id=\"el-b8d859b9\" data-vce-do-apply=\"all el-b8d859b9\"><p style=\"text-align: left;\">Pearson Edexcel International Advanced Levels (IALs) are designed for the global learner and have been developed in consultation with the international school community, including a large number of teachers and university lecturers.<\/p><p style=\"text-align: left;\">Available in 21 popular subjects, they offer progression from International GCSEs, engaging international learners,&nbsp;and equipping them for progression to university and employment.&nbsp;They have a flexible,&nbsp;modular structure,&nbsp;but maintain the rigorous standards of all Pearson Edexcel qualifications and are comparable to the linear UK A Level,&nbsp;as confirmed by UK NARIC.&nbsp;(The national agency responsible for providing information and expert opinion on qualifications and skills worldwide).<\/p><\/div><\/div><section class=\"vce-call-to-action-container vce-call-to-action-media--xs\"><div class=\"vce vce-call-to-action vce-call-to-action--alignment-start\" id=\"el-b9af5cb8\" data-vce-do-apply=\"margin  el-b9af5cb8\"><div class=\"vce-call-to-action--wrap-row vce-call-to-action--background-gradient-26273F--144--b-38-51-130--b-168-210-40 vce-call-to-action--shape-square vce-call-to-action-do-background-color\" data-vce-do-apply=\"background border el-b9af5cb8\"><div class=\"vce-call-to-action--wrap\"><div class=\"vce-call-to-action--content\" data-vce-do-apply=\"padding el-b9af5cb8\"><div class=\"vce-call-to-action--content-container\"><h2 style=\"text-align: left;\"><span style=\"color: #ffffff;\">Progress to University<\/span><\/h2><p style=\"text-align: left;\">Pearson Edexcel sets the standard for worldwide recognised qualifications aligned to the British educational system and accepted by top universities across the world - including Oxford, Cambridge, Columbia University and Yale University - leading on to prestigious employment opportunities. Our qualifications are taken by over 100,000 students in over 80 countries each year.<\/p><\/div><div class=\"vce-button--style-basic-container vce-button--style-basic-container--align-center\"><span class=\"vce-button--style-basic-wrapper vce\" id=\"el-6590d452\" data-vce-do-apply=\"margin el-6590d452\"><a class=\"vce-button vce-button--style-basic vce-button--style-basic--border-rounded vce-button--style-basic--size-medium vce-button--style-basic--color-e10000--fff\" href=\"https:\/\/qualifications.pearson.com\/en\/support\/Services\/progress-to-university\/parents-and-students.html\" title=\"\" data-vce-do-apply=\"padding border background  el-6590d452\">Learn More<\/a><\/span><\/div><\/div><\/div><\/div><\/div><\/section><\/div><\/div><\/div><\/div><\/div><\/div>","protected":false},"excerpt":{"rendered":"<p>Upper Secondary School CurriculumInternational Advanced Levels (AS and A Levels)(Year 12 &#8211; Year 13\/SK GYM 2. &#8211; 3. ro\u010dn\u00edk) + (SK GYM 4. ro\u010dn\u00edk)16 to 18 year old studentsThe A Level (Advanced Level) is a subject-based qualification conferred as part of the General Certificate of Education, as well as a school leaving qualification offered by [&hellip;]<\/p>\n","protected":false},"author":1,"featured_media":17442,"parent":0,"menu_order":0,"comment_status":"closed","ping_status":"closed","template":"","meta":{"_acf_changed":false,"footnotes":""},"class_list":["post-16534","page","type-page","status-publish","has-post-thumbnail","hentry"],"acf":[],"_links":{"self":[{"href":"https:\/\/www.ksibratislava.sk\/sk\/wp-json\/wp\/v2\/pages\/16534","targetHints":{"allow":["GET"]}}],"collection":[{"href":"https:\/\/www.ksibratislava.sk\/sk\/wp-json\/wp\/v2\/pages"}],"about":[{"href":"https:\/\/www.ksibratislava.sk\/sk\/wp-json\/wp\/v2\/types\/page"}],"author":[{"embeddable":true,"href":"https:\/\/www.ksibratislava.sk\/sk\/wp-json\/wp\/v2\/users\/1"}],"replies":[{"embeddable":true,"href":"https:\/\/www.ksibratislava.sk\/sk\/wp-json\/wp\/v2\/comments?post=16534"}],"version-history":[{"count":10,"href":"https:\/\/www.ksibratislava.sk\/sk\/wp-json\/wp\/v2\/pages\/16534\/revisions"}],"predecessor-version":[{"id":22200,"href":"https:\/\/www.ksibratislava.sk\/sk\/wp-json\/wp\/v2\/pages\/16534\/revisions\/22200"}],"wp:featuredmedia":[{"embeddable":true,"href":"https:\/\/www.ksibratislava.sk\/sk\/wp-json\/wp\/v2\/media\/17442"}],"wp:attachment":[{"href":"https:\/\/www.ksibratislava.sk\/sk\/wp-json\/wp\/v2\/media?parent=16534"}],"curies":[{"name":"wp","href":"https:\/\/api.w.org\/{rel}","templated":true}]}}