{"id":18138,"date":"2022-04-24T21:08:11","date_gmt":"2022-04-24T19:08:11","guid":{"rendered":"https:\/\/www.ksibratislava.sk\/a-great-place-for-education-copy\/"},"modified":"2023-04-15T20:02:06","modified_gmt":"2023-04-15T18:02:06","slug":"a-great-place-for-education","status":"publish","type":"page","link":"https:\/\/www.ksibratislava.sk\/sk\/","title":{"rendered":"a great place for education"},"content":{"rendered":"<div class=\"vce-row-container\"><div class=\"vce-row vce-element--has-background vce-row--col-gap-0 vce-row-no-paddings vce-row-full-height vce-row-equal-height vce-row-columns--middle vce-row-content--top\" data-vce-full-width=\"true\" data-vce-stretch-content=\"true\" id=\"el-9eccdc10\" data-vce-do-apply=\"all el-9eccdc10\"><div class=\"vce-content-background-container\"><\/div><div class=\"vce-row-content\" data-vce-element-content=\"true\"><div class=\"vce-col vce-col--md-auto vce-col--xs-1 vce-col--xs-last vce-col--xs-first vce-col--sm-last vce-col--sm-first vce-col--md-first vce-col--lg-first vce-col--xl-first volba\" id=\"el-2b9948e4\"><div class=\"vce-col-inner\" data-vce-do-apply=\"border margin background  el-2b9948e4\"><div class=\"vce-content-background-container\"><\/div><div class=\"vce-col-content\" data-vce-element-content=\"true\" data-vce-do-apply=\"padding el-2b9948e4\"><figure class=\"vce-tall-hoverbox vce vce-tall-hoverbox--custom-size\" id=\"el-63581e00\" data-vce-do-apply=\"margin  el-63581e00\" style=\"--alignment: left; --hoverBackground: rgba(255, 255, 255, 0.6); --imagePosition: center bottom;\" ontouchstart=\"\"><div class=\"vce-tall-hoverbox-wrapper\" style=\"width: 100%; padding-bottom: 100%; background-image: url('https:\/\/www.ksibratislava.sk\/wp-content\/uploads\/2021\/04\/iStock-530772108_medium-scaled.jpg');\" data-vce-do-apply=\"border background el-63581e00\"><figcaption class=\"vce-tall-hoverbox-inner\" data-vce-do-apply=\"padding el-63581e00\"><div class=\"vce-tall-hoverbox-description\"><p><img decoding=\"async\" src=\"https:\/\/www.ksibratislava.sk\/wp-content\/uploads\/2022\/04\/kings_logo_Kindergarten_small.png\" alt=\"null\"><\/p><\/div><div class=\"vce-google-fonts-heading vce-google-fonts-heading--align-center vce-google-fonts-heading--color-b-62-61-61--45--5C00FF--FF7200 vce-google-fonts-heading--font-family-Comfortaa\"><div class=\"vce-google-fonts-heading-wrapper\"><div class=\"vce-google-fonts-heading--background vce\" id=\"el-fe065633\" data-vce-do-apply=\"border background  padding margin el-fe065633\"><h2 class=\"vce-google-fonts-heading-inner\" style=\"font-weight: 700; font-style: normal;\">anglick\u00e1 sk\u00f4lka<\/h2><\/div><\/div><\/div><\/figcaption><a class=\"vce-tall-hoverbox-link\" href=\"https:\/\/www.ksibratislava.sk\/sk\/a-great-place-for-education\/school\/\" title=\"\"><\/a><\/div><\/figure><\/div><\/div><\/div><div class=\"vce-col vce-col--md-auto vce-col--xs-1 vce-col--xs-last vce-col--xs-first vce-col--sm-last vce-col--sm-first vce-col--md-last vce-col--lg-last vce-col--xl-last volba\" id=\"el-81495249\"><div class=\"vce-col-inner\" data-vce-do-apply=\"border margin background  el-81495249\"><div class=\"vce-content-background-container\"><\/div><div class=\"vce-col-content\" data-vce-element-content=\"true\" data-vce-do-apply=\"padding el-81495249\"><figure class=\"vce-tall-hoverbox vce vce-tall-hoverbox--custom-size\" id=\"el-875d9e0b\" data-vce-do-apply=\"margin  el-875d9e0b\" style=\"--alignment: left; --hoverBackground: rgba(255, 255, 255, 0.6); --imagePosition: center bottom;\" ontouchstart=\"\"><div class=\"vce-tall-hoverbox-wrapper\" style=\"width: 100%; padding-bottom: 100%; background-image: url('https:\/\/www.ksibratislava.sk\/wp-content\/uploads\/2020\/03\/iStock-876997604-scaled.jpg');\" data-vce-do-apply=\"border background el-875d9e0b\"><figcaption class=\"vce-tall-hoverbox-inner\" data-vce-do-apply=\"padding el-875d9e0b\"><div class=\"vce-tall-hoverbox-description\"><p><img decoding=\"async\" src=\"https:\/\/www.ksibratislava.sk\/wp-content\/uploads\/2022\/04\/kings_logo_sp.png\" alt=\"null\"><\/p><\/div><div class=\"vce-google-fonts-heading vce-google-fonts-heading--align-center vce-google-fonts-heading--color-b-62-61-61--45--5C00FF--FF7200 vce-google-fonts-heading--font-family-Comfortaa\"><div class=\"vce-google-fonts-heading-wrapper\"><div class=\"vce-google-fonts-heading--background vce\" id=\"el-fe065633\" data-vce-do-apply=\"border background  padding margin el-fe065633\"><h2 class=\"vce-google-fonts-heading-inner\" style=\"font-weight: 700; font-style: normal;\">z\u00e1kladn\u00e1 \u0161kola a gymn\u00e1zium<\/h2><\/div><\/div><\/div><\/figcaption><a class=\"vce-tall-hoverbox-link\" href=\"https:\/\/www.ksibratislava.sk\/sk\/a-great-place-for-education\/school\/\" title=\"\"><\/a><\/div><\/figure><\/div><\/div><\/div><\/div><\/div><\/div>","protected":false},"excerpt":{"rendered":"<p>kindergartenprimary and secondary school<\/p>","protected":false},"author":1,"featured_media":0,"parent":0,"menu_order":0,"comment_status":"closed","ping_status":"closed","template":"","meta":{"_acf_changed":false,"footnotes":""},"class_list":["post-18138","page","type-page","status-publish","hentry"],"acf":[],"_links":{"self":[{"href":"https:\/\/www.ksibratislava.sk\/sk\/wp-json\/wp\/v2\/pages\/18138","targetHints":{"allow":["GET"]}}],"collection":[{"href":"https:\/\/www.ksibratislava.sk\/sk\/wp-json\/wp\/v2\/pages"}],"about":[{"href":"https:\/\/www.ksibratislava.sk\/sk\/wp-json\/wp\/v2\/types\/page"}],"author":[{"embeddable":true,"href":"https:\/\/www.ksibratislava.sk\/sk\/wp-json\/wp\/v2\/users\/1"}],"replies":[{"embeddable":true,"href":"https:\/\/www.ksibratislava.sk\/sk\/wp-json\/wp\/v2\/comments?post=18138"}],"version-history":[{"count":43,"href":"https:\/\/www.ksibratislava.sk\/sk\/wp-json\/wp\/v2\/pages\/18138\/revisions"}],"predecessor-version":[{"id":22151,"href":"https:\/\/www.ksibratislava.sk\/sk\/wp-json\/wp\/v2\/pages\/18138\/revisions\/22151"}],"wp:attachment":[{"href":"https:\/\/www.ksibratislava.sk\/sk\/wp-json\/wp\/v2\/media?parent=18138"}],"curies":[{"name":"wp","href":"https:\/\/api.w.org\/{rel}","templated":true}]}}