{"id":21892,"date":"2022-05-19T12:40:31","date_gmt":"2022-05-19T10:40:31","guid":{"rendered":"https:\/\/www.ksibratislava.sk\/a-great-place-for-education\/school\/tuition-copy\/"},"modified":"2023-05-25T22:36:03","modified_gmt":"2023-05-25T20:36:03","slug":"financial-aid-school","status":"publish","type":"page","link":"https:\/\/www.ksibratislava.sk\/sk\/a-great-place-for-education\/school\/financial-aid-school\/","title":{"rendered":"Financial Aid"},"content":{"rendered":"<div class=\"vce-row-container\" data-vce-boxed-width=\"true\"><div class=\"vce-row vce-row--col-gap-0 vce-row-content--top\" id=\"el-920d1edf\" data-vce-do-apply=\"all el-920d1edf\"><div class=\"vce-content-background-container\"><\/div><div class=\"vce-row-content\" data-vce-element-content=\"true\"><div class=\"vce-col vce-col--md-auto vce-col--xs-1 vce-col--xs-last vce-col--xs-first vce-col--sm-last vce-col--sm-first vce-col--md-last vce-col--lg-last vce-col--xl-last vce-col--md-first vce-col--lg-first vce-col--xl-first\" id=\"el-722f6223\"><div class=\"vce-col-inner\" data-vce-do-apply=\"border margin background  el-722f6223\"><div class=\"vce-col-content\" data-vce-element-content=\"true\" data-vce-do-apply=\"padding el-722f6223\"><div class=\"vce vce-separator-container vce-separator--align-center vce-separator--style-shadow\" id=\"el-c3bcefa4\" data-vce-do-apply=\"margin el-c3bcefa4\"><div class=\"vce-separator vce-separator--color-bfc0c1 vce-separator--width-100 vce-separator--thickness-10\" data-vce-do-apply=\"border padding background  el-c3bcefa4\"><div class=\"vce-separator-shadow vce-separator-shadow-left\"><\/div><div class=\"vce-separator-shadow vce-separator-shadow-right\"><\/div><\/div><\/div><div class=\"vce-text-block\"><div class=\"vce-text-block-wrapper vce\" id=\"el-79a4960e\" data-vce-do-apply=\"all el-79a4960e\"><h3>Kings Schools International is committed to fostering a school community of exceptional and passionate students. To achieve this, we have a need-based financial aid program that makes Kings affordable for many families. Please contact us or continue reading below for more information.<\/h3><\/div><\/div><div class=\"vce vce-separator-container vce-separator--align-center vce-separator--style-solid\" id=\"el-8f90708a\" data-vce-do-apply=\"margin el-8f90708a\"><div class=\"vce-separator vce-separator--color-bfc0c1 vce-separator--width-60 vce-separator--thickness-1\" data-vce-do-apply=\"border padding background  el-8f90708a\"><\/div><\/div><div class=\"vce-google-fonts-heading vce-google-fonts-heading--align-center vce-google-fonts-heading--color-empty--45--5C00FF--FF7200 vce-google-fonts-heading--font-family-Lato\"><div class=\"vce-google-fonts-heading-wrapper\"><div class=\"vce-google-fonts-heading--background vce\" id=\"el-3d19b2e1\" data-vce-do-apply=\"border background  padding margin el-3d19b2e1\"><h2 class=\"vce-google-fonts-heading-inner\" style=\"font-weight: 700; font-style: normal;\">Financial Aid Philosophy<\/h2><\/div><\/div><\/div><div class=\"vce-text-block\"><div class=\"vce-text-block-wrapper vce\" id=\"el-a6dd9867\" data-vce-do-apply=\"all el-a6dd9867\"><p>Kings School International is committed to providing a quality education to qualified students who for financial reasons would otherwise be unable to attend the school. Kings\u2019s financial aid program is designed to bridge the gap between what a family can contribute and what it actually costs to attend the school. Kings School offers financial aid through various forms of discounts and rewards and in the case of a Scholarship Program, based on proven family financial needs, academic or sports excellence and the availability of funds.<\/p><\/div><\/div><\/div><\/div><\/div><\/div><\/div><\/div><div class=\"vce-row-container\" data-vce-boxed-width=\"true\"><div class=\"vce-row vce-row--has-col-background vce-row--col-gap-0 vce-row-equal-height vce-row-content--middle\" id=\"el-b24ca7b5\" data-vce-do-apply=\"all el-b24ca7b5\"><div class=\"vce-row-content\" data-vce-element-content=\"true\"><div class=\"vce-col vce-element--has-background vce-col--md-auto vce-col--xs-1 vce-col--xs-last vce-col--xs-first vce-col--sm-last vce-col--sm-first vce-col--md-first vce-col--lg-first vce-col--xl-first\" id=\"el-21dbd523\"><div class=\"vce-col-inner\" data-vce-do-apply=\"border margin background  el-21dbd523\"><div class=\"vce-content-background-container\"><div class=\"vce-asset-background-simple-container vce-visible-all-only vce-asset-background-simple--style-cover vce-asset-background-simple--position-center-top\"><div class=\"vce-asset-background-simple\">\n              <div class=\"vce-asset-background-simple-item vcv-lozad\" data-background-image=\"https:\/\/www.ksibratislava.sk\/wp-content\/uploads\/2019\/03\/payement.jpg\"><\/div>\n              <noscript>\n                &lt;div class=&quot;vce-asset-background-simple-item&quot; style=&quot;background-image: url(https:\/\/www.ksibratislava.sk\/wp-content\/uploads\/2019\/03\/payement.jpg)&quot;&gt;&lt;\/div&gt;\n              <\/noscript>\n            <\/div><\/div><\/div><div class=\"vce-col-content\" data-vce-element-content=\"true\" data-vce-do-apply=\"padding el-21dbd523\"><div><\/div><\/div><\/div><\/div><div class=\"vce-col vce-col--md-auto vce-col--xs-1 vce-col--xs-last vce-col--xs-first vce-col--sm-last vce-col--sm-first\" id=\"el-008e6522\"><div class=\"vce-col-inner\" data-vce-do-apply=\"border margin background  el-008e6522\"><div class=\"vce-content-background-container\"><\/div><div class=\"vce-col-content\" data-vce-element-content=\"true\" data-vce-do-apply=\"padding el-008e6522\"><div class=\"vce-text-block\"><div class=\"vce-text-block-wrapper vce\" id=\"el-2a9f7edb\" data-vce-do-apply=\"all el-2a9f7edb\"><h2><span style=\"color: #615636;\"><span style=\"caret-color: #615636;\">EARLY PAYEMENT<\/span><\/span><\/h2><p><span style=\"color: #967d37; font-size: 12pt;\">We offer a 5% discount on school fees if they are paid for the whole academic year in advance by 30 June 2022<\/span><\/p><\/div><\/div><div class=\"vce-basic-shadow-button-container vce-basic-shadow-button-container--style--align-center\"><span class=\"vce-basic-shadow-button-wrapper vce\" id=\"el-e625dd94\" data-vce-do-apply=\"margin el-e625dd94\"><a class=\"vce-button vce-basic-shadow-button vce-basic-shadow-button--style--border-round vce-basic-shadow-button--style--size-medium vce-basic-shadow-button--style--color-5FCBF1--fff vce-basic-shadow-button--style--shadow-28--ba-0-0-0-2--0--18\" href=\"https:\/\/www.ksibratislava.sk\/sk\/a-great-place-for-education\/school\/tuition\/\" title=\"\" data-vce-do-apply=\"padding border background  el-e625dd94\">DISCOVER<\/a><\/span><\/div><\/div><\/div><\/div><div class=\"vce-col vce-element--has-background vce-col--md-auto vce-col--xs-1 vce-col--xs-last vce-col--xs-first vce-col--sm-last vce-col--sm-first\" id=\"el-1cef629b\"><div class=\"vce-col-inner\" data-vce-do-apply=\"border margin background  el-1cef629b\"><div class=\"vce-content-background-container\"><div class=\"vce-asset-background-simple-container vce-visible-all-only vce-asset-background-simple--style-cover vce-asset-background-simple--position-center-top\"><div class=\"vce-asset-background-simple\">\n              <div class=\"vce-asset-background-simple-item vcv-lozad\" data-background-image=\"https:\/\/www.ksibratislava.sk\/wp-content\/uploads\/2022\/05\/iStock-481474504-scaled.jpg\"><\/div>\n              <noscript>\n                &lt;div class=&quot;vce-asset-background-simple-item&quot; style=&quot;background-image: url(https:\/\/www.ksibratislava.sk\/wp-content\/uploads\/2022\/05\/iStock-481474504-scaled.jpg)&quot;&gt;&lt;\/div&gt;\n              <\/noscript>\n            <\/div><\/div><\/div><div class=\"vce-col-content\" data-vce-element-content=\"true\" data-vce-do-apply=\"padding el-1cef629b\"><div><\/div><\/div><\/div><\/div><div class=\"vce-col vce-col--md-auto vce-col--xs-1 vce-col--xs-last vce-col--xs-first vce-col--sm-last vce-col--sm-first vce-col--md-last vce-col--lg-last vce-col--xl-last\" id=\"el-c513f109\"><div class=\"vce-col-inner\" data-vce-do-apply=\"border margin background  el-c513f109\"><div class=\"vce-content-background-container\"><\/div><div class=\"vce-col-content\" data-vce-element-content=\"true\" data-vce-do-apply=\"padding el-c513f109\"><div class=\"vce-text-block\"><div class=\"vce-text-block-wrapper vce\" id=\"el-7e37dae8\" data-vce-do-apply=\"all el-7e37dae8\"><h2><span style=\"color: #615636;\"><span style=\"caret-color: #615636;\">SIBLING DISCOUNT<\/span><\/span><\/h2><p><span style=\"color: #967d37; font-size: 12pt;\">We recognize the impact that cost of a private school education can have on families with multiple children. In an effort to assist families considering our school, we have established a tuition discount for families with multiple siblings.<\/span><\/p><\/div><\/div><div class=\"vce-basic-shadow-button-container vce-basic-shadow-button-container--style--align-center\"><span class=\"vce-basic-shadow-button-wrapper vce\" id=\"el-9e0d19c5\" data-vce-do-apply=\"margin el-9e0d19c5\"><a class=\"vce-button vce-basic-shadow-button vce-basic-shadow-button--style--border-round vce-basic-shadow-button--style--size-medium vce-basic-shadow-button--style--color-5FCBF1--fff vce-basic-shadow-button--style--shadow-28--ba-0-0-0-2--0--18\" href=\"https:\/\/www.ksibratislava.sk\/sk\/a-great-place-for-education\/school\/tuition\/\" title=\"\" data-vce-do-apply=\"padding border background  el-9e0d19c5\">DISCOVER<\/a><\/span><\/div><\/div><\/div><\/div><\/div><\/div><\/div><div class=\"vce-row-container\" data-vce-boxed-width=\"true\"><div class=\"vce-row vce-row--has-col-background vce-row--col-gap-0 vce-row-equal-height vce-row-content--middle\" id=\"el-380e4294\" data-vce-do-apply=\"all el-380e4294\"><div class=\"vce-content-background-container\"><\/div><div class=\"vce-row-content\" data-vce-element-content=\"true\"><div class=\"vce-col vce-col--md-auto vce-col--xs-1 vce-col--xs-last vce-col--xs-first vce-col--sm-last vce-col--sm-first vce-col--md-first vce-col--lg-first vce-col--xl-first\" id=\"el-c50de59e\"><div class=\"vce-col-inner\" data-vce-do-apply=\"border margin background  el-c50de59e\"><div class=\"vce-col-content\" data-vce-element-content=\"true\" data-vce-do-apply=\"padding el-c50de59e\"><div class=\"vce-text-block\"><div class=\"vce-text-block-wrapper vce\" id=\"el-891b6b00\" data-vce-do-apply=\"all el-891b6b00\"><h2><span style=\"color: #615636;\">REFERRAL PROGRAME<\/span><\/h2>\n<p><span style=\"color: #967d37; font-size: 12pt;\">We really appreciate when you share your satisfaction with our school with other people. Many parents choose a school based on the experience and recommendations provided by their acquaintances and loved ones. Therefore, for showing loyalty to and recommending our school, we are happy to offer our current parents a reward in the form of a one-time discount on tuition according to the number of recommendations.<\/span><\/p><\/div><\/div><div class=\"vce-basic-shadow-button-container vce-basic-shadow-button-container--style--align-center\"><span class=\"vce-basic-shadow-button-wrapper vce\" id=\"el-f2a6a87b\" data-vce-do-apply=\"margin el-f2a6a87b\"><a class=\"vce-button vce-basic-shadow-button vce-basic-shadow-button--style--border-round vce-basic-shadow-button--style--size-medium vce-basic-shadow-button--style--color-5FCBF1--fff vce-basic-shadow-button--style--shadow-28--ba-0-0-0-2--0--18\" href=\"https:\/\/www.ksibratislava.sk\/sk\/a-great-place-for-education\/school\/tuition\/\" title=\"\" data-vce-do-apply=\"padding border background  el-f2a6a87b\">DISCOVER<\/a><\/span><\/div><\/div><\/div><\/div><div class=\"vce-col vce-element--has-background vce-col--md-auto vce-col--xs-1 vce-col--xs-last vce-col--xs-first vce-col--sm-last vce-col--sm-first\" id=\"el-28c4e83e\"><div class=\"vce-col-inner\" data-vce-do-apply=\"border margin background  el-28c4e83e\"><div class=\"vce-content-background-container\"><div class=\"vce-asset-background-simple-container vce-visible-all-only vce-asset-background-simple--style-cover vce-asset-background-simple--position-center-top\"><div class=\"vce-asset-background-simple\">\n              <div class=\"vce-asset-background-simple-item vcv-lozad\" data-background-image=\"https:\/\/www.ksibratislava.sk\/wp-content\/uploads\/2022\/05\/Refer_student.png\"><\/div>\n              <noscript>\n                &lt;div class=&quot;vce-asset-background-simple-item&quot; style=&quot;background-image: url(https:\/\/www.ksibratislava.sk\/wp-content\/uploads\/2022\/05\/Refer_student.png)&quot;&gt;&lt;\/div&gt;\n              <\/noscript>\n            <\/div><\/div><\/div><div class=\"vce-col-content\" data-vce-element-content=\"true\" data-vce-do-apply=\"padding el-28c4e83e\"><div><\/div><\/div><\/div><\/div><div class=\"vce-col vce-col--md-auto vce-col--xs-1 vce-col--xs-last vce-col--xs-first vce-col--sm-last vce-col--sm-first\" id=\"el-02c2ed0d\"><div class=\"vce-col-inner\" data-vce-do-apply=\"border margin background  el-02c2ed0d\"><div class=\"vce-col-content\" data-vce-element-content=\"true\" data-vce-do-apply=\"padding el-02c2ed0d\"><div class=\"vce-text-block\"><div class=\"vce-text-block-wrapper vce\" id=\"el-6d21ce72\" data-vce-do-apply=\"all el-6d21ce72\"><h2><span style=\"color: #615636;\"><span style=\"caret-color: #615636;\">SCHOLARSHIP PROGRAME<\/span><\/span><\/h2><br><span style=\"color: #967d37; font-size: 12pt;\">We are aware of the impact of studying at an international school on family finances and therefore we offer a Scholarship Program based on proven family financial needs, academic or sports excellence and the availability of funds.<\/span><\/div><\/div><div class=\"vce-basic-shadow-button-container vce-basic-shadow-button-container--style--align-center\"><span class=\"vce-basic-shadow-button-wrapper vce\" id=\"el-3af17be3\" data-vce-do-apply=\"margin el-3af17be3\"><a class=\"vce-button vce-basic-shadow-button vce-basic-shadow-button--style--border-round vce-basic-shadow-button--style--size-medium vce-basic-shadow-button--style--color-5FCBF1--fff vce-basic-shadow-button--style--shadow-28--ba-0-0-0-2--0--18\" href=\"https:\/\/www.ksibratislava.sk\/sk\/a-great-place-for-education\/school\/tuition\/\" title=\"\" data-vce-do-apply=\"padding border background  el-3af17be3\">DISCOVER<\/a><\/span><\/div><\/div><\/div><\/div><div class=\"vce-col vce-element--has-background vce-col--md-auto vce-col--xs-1 vce-col--xs-last vce-col--xs-first vce-col--sm-last vce-col--sm-first vce-col--md-last vce-col--lg-last vce-col--xl-last\" id=\"el-5055df1d\"><div class=\"vce-col-inner\" data-vce-do-apply=\"border margin background  el-5055df1d\"><div class=\"vce-content-background-container\"><div class=\"vce-asset-background-simple-container vce-visible-all-only vce-asset-background-simple--style-cover vce-asset-background-simple--position-center-center\"><div class=\"vce-asset-background-simple\">\n              <div class=\"vce-asset-background-simple-item vcv-lozad\" data-background-image=\"https:\/\/www.ksibratislava.sk\/wp-content\/uploads\/2020\/03\/photo-1523580846011-d3a5bc25702b.jpg\"><\/div>\n              <noscript>\n                &lt;div class=&quot;vce-asset-background-simple-item&quot; style=&quot;background-image: url(https:\/\/www.ksibratislava.sk\/wp-content\/uploads\/2020\/03\/photo-1523580846011-d3a5bc25702b.jpg)&quot;&gt;&lt;\/div&gt;\n              <\/noscript>\n            <\/div><\/div><\/div><div class=\"vce-col-content\" data-vce-element-content=\"true\" data-vce-do-apply=\"padding el-5055df1d\"><div><\/div><\/div><\/div><\/div><\/div><\/div><\/div><div class=\"vce-row-container\"><div class=\"vce-row vce-element--has-background vce-row--col-gap-30 vce-row-equal-height vce-row-content--middle\" data-vce-full-width=\"true\" id=\"el-f50edd24\" data-vce-do-apply=\"all el-f50edd24\"><div class=\"vce-content-background-container\"><div class=\"vce-asset-background-simple-container vce-visible-all-only vce-asset-background-simple--style-cover vce-asset-background-simple--position-center-top\"><div class=\"vce-asset-background-simple\"><div class=\"vce-asset-background-simple-item\" style=\"background-image: url('https:\/\/www.ksibratislava.sk\/wp-content\/uploads\/2017\/10\/78D6982407D4F2F648188115CBA7AA6E19F0B7AAEAEB638409pimgpsh_fullsize_distr.jpg');\"><\/div><\/div><\/div><\/div><div class=\"vce-row-content\" data-vce-element-content=\"true\"><div class=\"vce-col vce-col--md-66-66p vce-col--xs-1 vce-col--xs-last vce-col--xs-first vce-col--sm-last vce-col--sm-first vce-col--md-first vce-col--lg-first vce-col--xl-first\" id=\"el-d0b62137\"><div class=\"vce-col-inner\" data-vce-do-apply=\"border margin background  el-d0b62137\"><div class=\"vce-col-content\" data-vce-element-content=\"true\" data-vce-do-apply=\"padding el-d0b62137\"><div class=\"vce-google-fonts-heading vce-google-fonts-heading--align-left vce-google-fonts-heading--color-b-255-255-255--45--5C00FF--FF7200 vce-google-fonts-heading--font-family-Happy-Monkey\"><div class=\"vce-google-fonts-heading-wrapper\"><div class=\"vce-google-fonts-heading--background vce\" id=\"el-34792b41\" data-vce-do-apply=\"border background  padding margin el-34792b41\"><h2 class=\"vce-google-fonts-heading-inner\" style=\"font-weight: 400; font-style: normal;\">\u017diados\u0165 o prijatie na Kings Schools International<\/h2><\/div><\/div><\/div><\/div><\/div><\/div><div class=\"vce-col vce-col--md-33-34p vce-col--xs-1 vce-col--xs-last vce-col--xs-first vce-col--sm-last vce-col--sm-first vce-col--md-last vce-col--lg-last vce-col--xl-last\" id=\"el-9fe1ed02\"><div class=\"vce-col-inner\" data-vce-do-apply=\"border margin background  el-9fe1ed02\"><div class=\"vce-col-content\" data-vce-element-content=\"true\" data-vce-do-apply=\"padding el-9fe1ed02\"><div class=\"vce-basic-shadow-button-container vce-basic-shadow-button-container--style--align-center\"><span class=\"vce-basic-shadow-button-wrapper vce\" id=\"el-1fe241b8\" data-vce-do-apply=\"margin el-1fe241b8\"><a class=\"vce-button vce-basic-shadow-button vce-basic-shadow-button--style--border-round vce-basic-shadow-button--style--size-large vce-basic-shadow-button--style--color-b-255-255-255--b-184-46-36 vce-basic-shadow-button--style--shadow-28--ba-0-0-0-2--0--18\" href=\"https:\/\/www.ksibratislava.sk\/sk\/enquiry\/\" title=\"\" data-vce-do-apply=\"padding border background  el-1fe241b8\">Poda\u0165 \u017eiados\u0165 teraz<\/a><\/span><\/div><\/div><\/div><\/div><\/div><\/div><\/div>","protected":false},"excerpt":{"rendered":"<p>Kings Schools International is committed to fostering a school community of exceptional and passionate students. To achieve this, we have a need-based financial aid program that makes Kings affordable for many families. Please contact us or continue reading below for more information.Financial Aid PhilosophyKings School International is committed to providing a quality education to qualified [&hellip;]<\/p>\n","protected":false},"author":1,"featured_media":16477,"parent":18134,"menu_order":0,"comment_status":"closed","ping_status":"closed","template":"","meta":{"_acf_changed":false,"footnotes":""},"class_list":["post-21892","page","type-page","status-publish","has-post-thumbnail","hentry"],"acf":[],"_links":{"self":[{"href":"https:\/\/www.ksibratislava.sk\/sk\/wp-json\/wp\/v2\/pages\/21892","targetHints":{"allow":["GET"]}}],"collection":[{"href":"https:\/\/www.ksibratislava.sk\/sk\/wp-json\/wp\/v2\/pages"}],"about":[{"href":"https:\/\/www.ksibratislava.sk\/sk\/wp-json\/wp\/v2\/types\/page"}],"author":[{"embeddable":true,"href":"https:\/\/www.ksibratislava.sk\/sk\/wp-json\/wp\/v2\/users\/1"}],"replies":[{"embeddable":true,"href":"https:\/\/www.ksibratislava.sk\/sk\/wp-json\/wp\/v2\/comments?post=21892"}],"version-history":[{"count":23,"href":"https:\/\/www.ksibratislava.sk\/sk\/wp-json\/wp\/v2\/pages\/21892\/revisions"}],"predecessor-version":[{"id":22177,"href":"https:\/\/www.ksibratislava.sk\/sk\/wp-json\/wp\/v2\/pages\/21892\/revisions\/22177"}],"up":[{"embeddable":true,"href":"https:\/\/www.ksibratislava.sk\/sk\/wp-json\/wp\/v2\/pages\/18134"}],"wp:featuredmedia":[{"embeddable":true,"href":"https:\/\/www.ksibratislava.sk\/sk\/wp-json\/wp\/v2\/media\/16477"}],"wp:attachment":[{"href":"https:\/\/www.ksibratislava.sk\/sk\/wp-json\/wp\/v2\/media?parent=21892"}],"curies":[{"name":"wp","href":"https:\/\/api.w.org\/{rel}","templated":true}]}}